{"id":1070,"date":"2023-07-25T15:58:20","date_gmt":"2023-07-25T15:58:20","guid":{"rendered":"http:\/\/interpretandum.de\/references\/"},"modified":"2023-08-21T10:08:38","modified_gmt":"2023-08-21T10:08:38","slug":"references","status":"publish","type":"page","link":"https:\/\/interpretandum.de\/en\/references\/","title":{"rendered":"References"},"content":{"rendered":"\t\t<div data-elementor-type=\"wp-page\" data-elementor-id=\"1070\" class=\"elementor elementor-1070 elementor-684\" data-elementor-post-type=\"page\">\n\t\t\t\t\t\t<section class=\"elementor-section elementor-top-section elementor-element elementor-element-d9061df elementor-section-height-min-height elementor-section-full_width elementor-section-height-default elementor-section-items-middle\" data-id=\"d9061df\" data-element_type=\"section\" data-e-type=\"section\" data-settings=\"{&quot;background_background&quot;:&quot;classic&quot;}\">\n\t\t\t\t\t\t<div class=\"elementor-container elementor-column-gap-default\">\n\t\t\t\t\t<div class=\"elementor-column elementor-col-100 elementor-top-column elementor-element elementor-element-ef51c20\" data-id=\"ef51c20\" data-element_type=\"column\" data-e-type=\"column\">\n\t\t\t<div class=\"elementor-widget-wrap elementor-element-populated\">\n\t\t\t\t\t\t<div class=\"elementor-element elementor-element-3441359 elementor-widget elementor-widget-heading\" data-id=\"3441359\" data-element_type=\"widget\" data-e-type=\"widget\" data-widget_type=\"heading.default\">\n\t\t\t\t<div class=\"elementor-widget-container\">\n\t\t\t\t\t<h2 class=\"elementor-heading-title elementor-size-default\">References<\/h2>\t\t\t\t<\/div>\n\t\t\t\t<\/div>\n\t\t\t\t\t<\/div>\n\t\t<\/div>\n\t\t\t\t\t<\/div>\n\t\t<\/section>\n\t\t\t\t<section class=\"elementor-section elementor-top-section elementor-element elementor-element-53fed6b elementor-section-full_width elementor-section-height-default elementor-section-height-default\" data-id=\"53fed6b\" data-element_type=\"section\" data-e-type=\"section\" data-settings=\"{&quot;background_background&quot;:&quot;classic&quot;}\">\n\t\t\t\t\t\t<div class=\"elementor-container elementor-column-gap-default\">\n\t\t\t\t\t<div class=\"elementor-column elementor-col-100 elementor-top-column elementor-element elementor-element-f9b00ea\" data-id=\"f9b00ea\" data-element_type=\"column\" data-e-type=\"column\" data-settings=\"{&quot;background_background&quot;:&quot;classic&quot;}\">\n\t\t\t<div class=\"elementor-widget-wrap elementor-element-populated\">\n\t\t\t\t\t\t<section class=\"elementor-section elementor-inner-section elementor-element elementor-element-d34f2cd elementor-section-boxed elementor-section-height-default elementor-section-height-default\" data-id=\"d34f2cd\" data-element_type=\"section\" data-e-type=\"section\">\n\t\t\t\t\t\t<div class=\"elementor-container elementor-column-gap-default\">\n\t\t\t\t\t<div class=\"elementor-column elementor-col-100 elementor-inner-column elementor-element elementor-element-7f254c8\" data-id=\"7f254c8\" data-element_type=\"column\" data-e-type=\"column\">\n\t\t\t<div class=\"elementor-widget-wrap elementor-element-populated\">\n\t\t\t\t\t\t<div class=\"elementor-element elementor-element-657b054 elementor-widget elementor-widget-text-editor\" data-id=\"657b054\" data-element_type=\"widget\" data-e-type=\"widget\" data-widget_type=\"text-editor.default\">\n\t\t\t\t<div class=\"elementor-widget-container\">\n\t\t\t\t\t\t\t\t\t<p>We have already worked in many areas, inter alia, politics, business, finance, environment and climate change, automotive industry, engineering, medicine, pharmaceutical industry, sports, culture, science, radio and TV. For data privacy reasons, we do not list our customers here. On request we will be pleased to submit relevant references. We have lent our voices to the following public personalities while in the below mentioned functions:<\/p>\n<ul>\n<li>Angela Merkel (German chancellor)<\/li>\n<li>Malu Dreyer (President of Rhineland Palatinate)<\/li>\n<li>Volker Bouffier (President of Hesse)<\/li>\n<li>Frans Timmermans (EU Commissioner)<\/li>\n<li>Sigmar Gabriel (German Foreign Minister)<\/li>\n<li>Norbert Lammert (President of the Bundestag)<\/li>\n<li>Sabine Leutheusser-Schnarrenberger (German minister of Justice)<\/li>\n<li>Wolfgang Sch\u00e4uble (German finance minister)<\/li>\n<li>Guido Westerwelle (German foreign minister)<\/li>\n<li>Reiner Br\u00fcderle (German minister for economic affairs)<\/li>\n<li>Gerhard Schr\u00f6der (German chancellor)<\/li>\n<li>Dr. Hans-Gert P\u00f6ttering (President of the European Parliament)<\/li>\n<li>Heidemarie Wieczorek-Zeul (German minister for development cooperation)<\/li>\n<li>Peer Steinbr\u00fcck (German finance minister)<\/li>\n<li>Richard von Weizs\u00e4cker (German President)<\/li>\n<li>Wolfgang Sch\u00fcssel (former Austrian president)<\/li>\n<li>Sepp Blatter (Fifa-President)<\/li>\n<li>Steffi Jones (former member of the German women\u00b4s national football team)<\/li>\n<li>Prinz Leopold von Bayern (former Formula 1 racing driver)<\/li>\n<li>Roger Willemsen (author, journalist and TV presenter)<\/li>\n<li>Peter Frey (journalist and TV presenter)<\/li>\n<li>Steffen Seibert (German government spokesperson)<\/li>\n<li>G\u00fcnther Walrafff (investigative journalist)<\/li>\n<li>Hans-Magnus Enzensberger (Philosopher and Author)<\/li>\n<li>Peter Sloterdijk (Philosopher and Author)<\/li>\n<li>Dr. Thomas Enders (CEO Airbus)<\/li>\n<li>Peter L\u00f6scher (CEO Siemens AG)<\/li>\n<li>Anton Wolfgang Graf von Faber-Castell (Entrpreneur)<\/li>\n<li>Dr. Wolfgang Reitzle (CEO Linde)<\/li>\n<li>Dieter Zetsche (CEO Mercedes Benz)<\/li>\n<li>Karl-Theodor Neumann (CEO Adam Opel AG)<\/li>\n<li>Prince and Princess of Asturias<\/li>\n<li>Fernando Lugo (president of Paraguay)<\/li>\n<li>Sebasti\u00e1n Pi\u00f1era (President of Chile)<\/li>\n<li>Alfredo Moreno Charme (minister of foreign affairs of Chile)<\/li>\n<li>Joaqu\u00edn Almunia (vicepresident of the European Commission responsible for competition)<\/li>\n<li>Trinidad Jim\u00e9nez (Spanish minister of foreign affairs)<\/li>\n<li>Cristina Garmendia (Spanish minister of science and innovation)<\/li>\n<li>Enrique Bar\u00f3n Crespo (President of the European Parliament)<\/li>\n<li>Isabel Tocino (Spanish minister of the environment)<\/li>\n<li>Jos\u00e9 Bono (President of the Spanish Congress)<\/li>\n<li>Jorge Sempr\u00fan (author and philosopher)<\/li>\n<li>Isabel Allende (author)<\/li>\n<li>Aleida Guevara (daughter of Che Guevara)<\/li>\n<li>Jos\u00e9 Ignacio L\u00f3pez de Arriort\u00faa, Superl\u00f3pez (Spanish engineer accused of industrial espionage by Opel)<\/li>\n<li>\u00d3scar Rodriguez Madariaga (archbishop of Honduras, talked about as possible successor of Pope John Paul II in 2005)<\/li>\n<li>Hollman Morris (Colombian journalist, laureate of the 2011 human rights award by the city of Nuremberg)<\/li>\n<li>Fernando Savater (philosopher)<\/li>\n<li>Rigoberta Mench\u00fa (Nobel peace prize laureate in 2002)<\/li>\n<li>Dalai Lama<\/li>\n<li>Gari Kasparov (world chess champion)<\/li>\n<\/ul>\n\t\t\t\t\t\t\t\t<\/div>\n\t\t\t\t<\/div>\n\t\t\t\t\t<\/div>\n\t\t<\/div>\n\t\t\t\t\t<\/div>\n\t\t<\/section>\n\t\t\t\t\t<\/div>\n\t\t<\/div>\n\t\t\t\t\t<\/div>\n\t\t<\/section>\n\t\t\t\t<section class=\"elementor-section elementor-top-section elementor-element elementor-element-a9f3be4 elementor-section-boxed elementor-section-height-default elementor-section-height-default\" data-id=\"a9f3be4\" data-element_type=\"section\" data-e-type=\"section\">\n\t\t\t\t\t\t<div class=\"elementor-container elementor-column-gap-default\">\n\t\t\t\t\t<div class=\"elementor-column elementor-col-100 elementor-top-column elementor-element elementor-element-a1380cc\" data-id=\"a1380cc\" data-element_type=\"column\" data-e-type=\"column\">\n\t\t\t<div class=\"elementor-widget-wrap elementor-element-populated\">\n\t\t\t\t\t\t<div class=\"elementor-element elementor-element-d031d24 elementor-widget-divider--view-line elementor-widget elementor-widget-divider\" data-id=\"d031d24\" data-element_type=\"widget\" data-e-type=\"widget\" data-widget_type=\"divider.default\">\n\t\t\t\t<div class=\"elementor-widget-container\">\n\t\t\t\t\t\t\t<div class=\"elementor-divider\">\n\t\t\t<span class=\"elementor-divider-separator\">\n\t\t\t\t\t\t<\/span>\n\t\t<\/div>\n\t\t\t\t\t\t<\/div>\n\t\t\t\t<\/div>\n\t\t\t\t\t<\/div>\n\t\t<\/div>\n\t\t\t\t\t<\/div>\n\t\t<\/section>\n\t\t\t\t<\/div>\n\t\t","protected":false},"excerpt":{"rendered":"<p>References We have already worked in many areas, inter alia, politics, business, finance, environment and climate change, automotive industry, engineering, medicine, pharmaceutical industry, sports, culture, science, radio and TV. For data privacy reasons, we do not list our customers here. On request we will be pleased to submit relevant references. We have lent our voices [&hellip;]<\/p>\n","protected":false},"author":1,"featured_media":0,"parent":0,"menu_order":0,"comment_status":"closed","ping_status":"closed","template":"","meta":{"footnotes":""},"class_list":["post-1070","page","type-page","status-publish","hentry"],"aioseo_notices":[],"_links":{"self":[{"href":"https:\/\/interpretandum.de\/en\/wp-json\/wp\/v2\/pages\/1070","targetHints":{"allow":["GET"]}}],"collection":[{"href":"https:\/\/interpretandum.de\/en\/wp-json\/wp\/v2\/pages"}],"about":[{"href":"https:\/\/interpretandum.de\/en\/wp-json\/wp\/v2\/types\/page"}],"author":[{"embeddable":true,"href":"https:\/\/interpretandum.de\/en\/wp-json\/wp\/v2\/users\/1"}],"replies":[{"embeddable":true,"href":"https:\/\/interpretandum.de\/en\/wp-json\/wp\/v2\/comments?post=1070"}],"version-history":[{"count":0,"href":"https:\/\/interpretandum.de\/en\/wp-json\/wp\/v2\/pages\/1070\/revisions"}],"wp:attachment":[{"href":"https:\/\/interpretandum.de\/en\/wp-json\/wp\/v2\/media?parent=1070"}],"curies":[{"name":"wp","href":"https:\/\/api.w.org\/{rel}","templated":true}]}}