{"id":1062,"date":"2023-03-06T15:19:40","date_gmt":"2023-03-06T15:19:40","guid":{"rendered":"http:\/\/interpretandum.de\/servicios\/"},"modified":"2023-08-21T09:42:38","modified_gmt":"2023-08-21T09:42:38","slug":"servicios","status":"publish","type":"page","link":"https:\/\/interpretandum.de\/es\/servicios\/","title":{"rendered":"Servicios"},"content":{"rendered":"\t\t<div data-elementor-type=\"wp-page\" data-elementor-id=\"1062\" class=\"elementor elementor-1062 elementor-47\" data-elementor-post-type=\"page\">\n\t\t\t\t\t\t<section class=\"elementor-section elementor-top-section elementor-element elementor-element-a1a9a64 elementor-section-height-min-height elementor-section-full_width elementor-section-height-default elementor-section-items-middle\" data-id=\"a1a9a64\" data-element_type=\"section\" data-e-type=\"section\" data-settings=\"{&quot;background_background&quot;:&quot;classic&quot;}\">\n\t\t\t\t\t\t\t<div class=\"elementor-background-overlay\"><\/div>\n\t\t\t\t\t\t\t<div class=\"elementor-container elementor-column-gap-default\">\n\t\t\t\t\t<div class=\"elementor-column elementor-col-100 elementor-top-column elementor-element elementor-element-9fe79f1\" data-id=\"9fe79f1\" data-element_type=\"column\" data-e-type=\"column\">\n\t\t\t<div class=\"elementor-widget-wrap elementor-element-populated\">\n\t\t\t\t\t\t<div class=\"elementor-element elementor-element-607c437 elementor-widget elementor-widget-heading\" data-id=\"607c437\" data-element_type=\"widget\" data-e-type=\"widget\" data-widget_type=\"heading.default\">\n\t\t\t\t<div class=\"elementor-widget-container\">\n\t\t\t\t\t<h2 class=\"elementor-heading-title elementor-size-default\">Servicios<\/h2>\t\t\t\t<\/div>\n\t\t\t\t<\/div>\n\t\t\t\t\t<\/div>\n\t\t<\/div>\n\t\t\t\t\t<\/div>\n\t\t<\/section>\n\t\t\t\t<section class=\"elementor-section elementor-top-section elementor-element elementor-element-4f11d975 elementor-section-full_width elementor-section-height-default elementor-section-height-default\" data-id=\"4f11d975\" data-element_type=\"section\" data-e-type=\"section\" data-settings=\"{&quot;background_background&quot;:&quot;classic&quot;,&quot;background_motion_fx_motion_fx_scrolling&quot;:&quot;yes&quot;,&quot;background_motion_fx_translateY_effect&quot;:&quot;yes&quot;,&quot;background_motion_fx_translateY_speed&quot;:{&quot;unit&quot;:&quot;px&quot;,&quot;size&quot;:1,&quot;sizes&quot;:[]},&quot;background_motion_fx_opacity_effect&quot;:&quot;yes&quot;,&quot;background_motion_fx_opacity_direction&quot;:&quot;in-out&quot;,&quot;background_motion_fx_translateY_affectedRange&quot;:{&quot;unit&quot;:&quot;%&quot;,&quot;size&quot;:&quot;&quot;,&quot;sizes&quot;:{&quot;start&quot;:0,&quot;end&quot;:100}},&quot;background_motion_fx_opacity_level&quot;:{&quot;unit&quot;:&quot;px&quot;,&quot;size&quot;:10,&quot;sizes&quot;:[]},&quot;background_motion_fx_opacity_range&quot;:{&quot;unit&quot;:&quot;%&quot;,&quot;size&quot;:&quot;&quot;,&quot;sizes&quot;:{&quot;start&quot;:20,&quot;end&quot;:80}},&quot;background_motion_fx_devices&quot;:[&quot;desktop&quot;,&quot;tablet&quot;,&quot;mobile&quot;]}\">\n\t\t\t\t\t\t<div class=\"elementor-container elementor-column-gap-default\">\n\t\t\t\t\t<div class=\"elementor-column elementor-col-100 elementor-top-column elementor-element elementor-element-702113ff\" data-id=\"702113ff\" data-element_type=\"column\" data-e-type=\"column\" data-settings=\"{&quot;background_background&quot;:&quot;classic&quot;}\">\n\t\t\t<div class=\"elementor-widget-wrap elementor-element-populated\">\n\t\t\t\t\t\t<section class=\"elementor-section elementor-inner-section elementor-element elementor-element-209fa117 elementor-section-boxed elementor-section-height-default elementor-section-height-default\" data-id=\"209fa117\" data-element_type=\"section\" data-e-type=\"section\" data-settings=\"{&quot;background_background&quot;:&quot;classic&quot;}\">\n\t\t\t\t\t\t<div class=\"elementor-container elementor-column-gap-default\">\n\t\t\t\t\t<div class=\"elementor-column elementor-col-50 elementor-inner-column elementor-element elementor-element-64ed9ae0\" data-id=\"64ed9ae0\" data-element_type=\"column\" data-e-type=\"column\">\n\t\t\t<div class=\"elementor-widget-wrap elementor-element-populated\">\n\t\t\t\t\t\t<div class=\"elementor-element elementor-element-65c5062e elementor-widget elementor-widget-text-editor\" data-id=\"65c5062e\" data-element_type=\"widget\" data-e-type=\"widget\" data-widget_type=\"text-editor.default\">\n\t\t\t\t<div class=\"elementor-widget-container\">\n\t\t\t\t\t\t\t\t\t<h5 id=\"konferenzberatung\" class=\"uk-panel uk-panel-box uk-panel-box-primary\">Asesoramiento y organizaci\u00f3n de equipos<\/h5>\n\t\t\t\t\t\t\t\t<\/div>\n\t\t\t\t<\/div>\n\t\t\t\t\t<\/div>\n\t\t<\/div>\n\t\t\t\t<div class=\"elementor-column elementor-col-50 elementor-inner-column elementor-element elementor-element-7a7ba6c4\" data-id=\"7a7ba6c4\" data-element_type=\"column\" data-e-type=\"column\" data-settings=\"{&quot;background_background&quot;:&quot;classic&quot;}\">\n\t\t\t<div class=\"elementor-widget-wrap elementor-element-populated\">\n\t\t\t\t\t\t<div class=\"elementor-element elementor-element-7d1508cc elementor-widget elementor-widget-text-editor\" data-id=\"7d1508cc\" data-element_type=\"widget\" data-e-type=\"widget\" data-widget_type=\"text-editor.default\">\n\t\t\t\t<div class=\"elementor-widget-container\">\n\t\t\t\t\t\t\t\t\t<p>\u00bfEst\u00e1 usted organizando una reuni\u00f3n o conferencia con dos o m\u00e1s idiomas y requiere asesoramiento profesional? Estamos a su disposici\u00f3n para cualquier consulta o duda que pueda tener.  Seg\u00fan el evento que est\u00e9 organizando nos puede contratar indivualmente o en equipo. Si requiere combinaciones ling\u00fc\u00edsticas que nosostras no cubramos, encontraremos los int\u00e9rpretes apropiados para usted. Somos miembros de la Asociaci\u00f3n Internacional de Int\u00e9rpretes de Conferencia (aiic) y de la Asociaci\u00f3n Alemana de Int\u00e9rpretes de Conferencia (VKD im BD\u00dc e.V.). Este hecho nos brinda una amplia red de contactos tanto en Alemania como en el extranjero para poder ofrecerle el mejor equipo de int\u00e9rpretes para su evento. <\/p>\n\t\t\t\t\t\t\t\t<\/div>\n\t\t\t\t<\/div>\n\t\t\t\t\t<\/div>\n\t\t<\/div>\n\t\t\t\t\t<\/div>\n\t\t<\/section>\n\t\t\t\t<section class=\"elementor-section elementor-inner-section elementor-element elementor-element-68060951 elementor-section-boxed elementor-section-height-default elementor-section-height-default\" data-id=\"68060951\" data-element_type=\"section\" data-e-type=\"section\">\n\t\t\t\t\t\t<div class=\"elementor-container elementor-column-gap-default\">\n\t\t\t\t\t<div class=\"elementor-column elementor-col-50 elementor-inner-column elementor-element elementor-element-6924f601\" data-id=\"6924f601\" data-element_type=\"column\" data-e-type=\"column\">\n\t\t\t<div class=\"elementor-widget-wrap elementor-element-populated\">\n\t\t\t\t\t\t<div class=\"elementor-element elementor-element-21dbca31 elementor-widget elementor-widget-text-editor\" data-id=\"21dbca31\" data-element_type=\"widget\" data-e-type=\"widget\" data-widget_type=\"text-editor.default\">\n\t\t\t\t<div class=\"elementor-widget-container\">\n\t\t\t\t\t\t\t\t\t<h5 id=\"dolmetscharten\" class=\"uk-panel uk-panel-box uk-panel-box-primary\">Modos de interpretaci\u00f3n<\/h5>\n\t\t\t\t\t\t\t\t<\/div>\n\t\t\t\t<\/div>\n\t\t\t\t\t<\/div>\n\t\t<\/div>\n\t\t\t\t<div class=\"elementor-column elementor-col-50 elementor-inner-column elementor-element elementor-element-46aec7d0\" data-id=\"46aec7d0\" data-element_type=\"column\" data-e-type=\"column\" data-settings=\"{&quot;background_background&quot;:&quot;classic&quot;}\">\n\t\t\t<div class=\"elementor-widget-wrap elementor-element-populated\">\n\t\t\t\t\t\t<div class=\"elementor-element elementor-element-15d70dc5 elementor-widget elementor-widget-text-editor\" data-id=\"15d70dc5\" data-element_type=\"widget\" data-e-type=\"widget\" data-widget_type=\"text-editor.default\">\n\t\t\t\t<div class=\"elementor-widget-container\">\n\t\t\t\t\t\t\t\t\t<div class=\"uk-width-4-6\">\n<div class=\"box\">\n<p><strong>Traducci\u00f3n simult\u00e1nea<\/strong>: es el tipo de interpretaci\u00f3n m\u00e1s com\u00fan en conferencias y eventos. Los discursos o ponencias se traducen de manera simult\u00e1nea de un idioma a otro. Para ello los int\u00e9rpretes est\u00e1n sentados en cabinas de dos o de tres puestos de trabajo y los participantes del evento escuchan la interpretaci\u00f3n a trav\u00e9s de auriculares pr\u00e1cticamente sin desfase de tiempo. Un equipo est\u00e1 compuesto de por lo menos dos int\u00e9rpretes, ya que la traducci\u00f3n simult\u00e1nea es agotadora y los int\u00e9rpretes se alternan cada 30 minutos. Si nos proporciona los datos clave de su evento, le organizaremos un equipo de int\u00e9rpretes hecho a su medida.<\/p>\n<p><strong>Traducci\u00f3n consecutiva<\/strong>: el int\u00e9rprete toma notas durante el discurso del orador y lo traduce a continuaci\u00f3n. Este proceso requiere m\u00e1s tiempo, pero no se necesitan medios t\u00e9cnicos.<\/p>\n<p><strong>Traducci\u00f3n de enlace consecutiva<\/strong> o con equipo de interpretaci\u00f3n m\u00f3vil: se realiza normalmente en grupos peque\u00f1os y los int\u00e9rpretes suelen estar sentados en la mesa con los participantes. Para no interrumpir la din\u00e1mica de la reuni\u00f3n, en estas ocasiones se suelen interpretar tramos cortos de manera consecutiva. Tambi\u00e9n existe la opci\u00f3n de que los int\u00e9rpretes trabajen de manera simult\u00e1nea con ayuda de un equipo de interpretaci\u00f3n m\u00f3vil. En este caso los int\u00e9rpretes traducen en voz baja con un micr\u00f3fono que est\u00e1 conectado por infrarojo con los auriculares de los participantes.  Este sistema s\u00f3lo funciona con un m\u00e1ximo aproximado de 25 participantes, debido a la calidad de la se\u00f1al ac\u00fastica que le tiene que llegar al int\u00e9rprete.<\/p>\n<\/div>\n<\/div>\n\t\t\t\t\t\t\t\t<\/div>\n\t\t\t\t<\/div>\n\t\t\t\t\t<\/div>\n\t\t<\/div>\n\t\t\t\t\t<\/div>\n\t\t<\/section>\n\t\t\t\t<section class=\"elementor-section elementor-inner-section elementor-element elementor-element-7795187f elementor-section-boxed elementor-section-height-default elementor-section-height-default\" data-id=\"7795187f\" data-element_type=\"section\" data-e-type=\"section\">\n\t\t\t\t\t\t<div class=\"elementor-container elementor-column-gap-default\">\n\t\t\t\t\t<div class=\"elementor-column elementor-col-50 elementor-inner-column elementor-element elementor-element-7311aa14\" data-id=\"7311aa14\" data-element_type=\"column\" data-e-type=\"column\">\n\t\t\t<div class=\"elementor-widget-wrap elementor-element-populated\">\n\t\t\t\t\t\t<div class=\"elementor-element elementor-element-8c641cd elementor-widget elementor-widget-text-editor\" data-id=\"8c641cd\" data-element_type=\"widget\" data-e-type=\"widget\" data-widget_type=\"text-editor.default\">\n\t\t\t\t<div class=\"elementor-widget-container\">\n\t\t\t\t\t\t\t\t\t<h5 id=\"konferenztechnik\" class=\"uk-panel uk-panel-box uk-panel-box-primary\">T\u00e9cnica de conferencia<\/h5>\n\t\t\t\t\t\t\t\t<\/div>\n\t\t\t\t<\/div>\n\t\t\t\t\t<\/div>\n\t\t<\/div>\n\t\t\t\t<div class=\"elementor-column elementor-col-50 elementor-inner-column elementor-element elementor-element-374d857e\" data-id=\"374d857e\" data-element_type=\"column\" data-e-type=\"column\">\n\t\t\t<div class=\"elementor-widget-wrap elementor-element-populated\">\n\t\t\t\t\t\t<div class=\"elementor-element elementor-element-5f911104 elementor-widget elementor-widget-text-editor\" data-id=\"5f911104\" data-element_type=\"widget\" data-e-type=\"widget\" data-widget_type=\"text-editor.default\">\n\t\t\t\t<div class=\"elementor-widget-container\">\n\t\t\t\t\t\t\t\t\t<div class=\"uk-width-4-6\">\n<div class=\"box\">\n<p>Con mucho gusto le asistimos a la hora de elegir y encontrar la <strong>t\u00e9cnica de conferencia<\/strong> adecuada. Para poder hacerle una oferta hecha a su medida, le rogamos que nos proporcione los siguientes datos: <\/p>\n<ul>\n<li>tema, lugar, horario y duraci\u00f3n de su reuni\u00f3n o evento<\/li>\n<li>idiomas del evento<\/li>\n<li>n\u00famero de participantes<\/li>\n<li>t\u00e9cnica de conferencia que desea<\/li>\n<\/ul>\n<p>Si a\u00fan tiene dudas, p\u00f3ngase en contacto con nosotros: \u00a1le asesoraremos con mucho gusto!<\/p>\n<\/div>\n<\/div>\n\t\t\t\t\t\t\t\t<\/div>\n\t\t\t\t<\/div>\n\t\t\t\t\t<\/div>\n\t\t<\/div>\n\t\t\t\t\t<\/div>\n\t\t<\/section>\n\t\t\t\t<section class=\"elementor-section elementor-inner-section elementor-element elementor-element-3cd3e55b elementor-section-boxed elementor-section-height-default elementor-section-height-default\" data-id=\"3cd3e55b\" data-element_type=\"section\" data-e-type=\"section\">\n\t\t\t\t\t\t<div class=\"elementor-container elementor-column-gap-default\">\n\t\t\t\t\t<div class=\"elementor-column elementor-col-50 elementor-inner-column elementor-element elementor-element-33d024e\" data-id=\"33d024e\" data-element_type=\"column\" data-e-type=\"column\">\n\t\t\t<div class=\"elementor-widget-wrap elementor-element-populated\">\n\t\t\t\t\t\t<div class=\"elementor-element elementor-element-53627f2 elementor-widget elementor-widget-text-editor\" data-id=\"53627f2\" data-element_type=\"widget\" data-e-type=\"widget\" data-widget_type=\"text-editor.default\">\n\t\t\t\t<div class=\"elementor-widget-container\">\n\t\t\t\t\t\t\t\t\t<h5 id=\"konferenzberatung\" class=\"uk-panel uk-panel-box uk-panel-box-primary\">Red <\/h5>\n\t\t\t\t\t\t\t\t<\/div>\n\t\t\t\t<\/div>\n\t\t\t\t\t<\/div>\n\t\t<\/div>\n\t\t\t\t<div class=\"elementor-column elementor-col-50 elementor-inner-column elementor-element elementor-element-5e0b3e55\" data-id=\"5e0b3e55\" data-element_type=\"column\" data-e-type=\"column\">\n\t\t\t<div class=\"elementor-widget-wrap elementor-element-populated\">\n\t\t\t\t\t\t<div class=\"elementor-element elementor-element-4f62743e elementor-widget elementor-widget-text-editor\" data-id=\"4f62743e\" data-element_type=\"widget\" data-e-type=\"widget\" data-widget_type=\"text-editor.default\">\n\t\t\t\t<div class=\"elementor-widget-container\">\n\t\t\t\t\t\t\t\t\t<ul>\n<li><a href=\"https:\/\/textagentur-bodensee.de\" target=\"_blank\" rel=\"noopener\">Textagentur Bodensee<\/a><\/li>\n<li><a href=\"https:\/\/alexander-thamm.de\" target=\"_blank\" rel=\"noopener\">Alexander Thamm &#8211; Moderator<\/a><\/li>\n<li><a href=\"https:\/\/www.interpreteam.com\" target=\"_blank\" rel=\"noopener\">Interpreteam<\/a><\/li>\n<li><a href=\"https:\/\/language-professionals.com\" target=\"_blank\" rel=\"noopener\">Language Professionals<\/a><\/li>\n<li><a href=\"https:\/\/polnisch-dolmetscher.eu\" target=\"_blank\" rel=\"noopener\">Polnisch-Dolmetscher<\/a><\/li>\n<\/ul>\n\t\t\t\t\t\t\t\t<\/div>\n\t\t\t\t<\/div>\n\t\t\t\t\t<\/div>\n\t\t<\/div>\n\t\t\t\t\t<\/div>\n\t\t<\/section>\n\t\t\t\t\t<\/div>\n\t\t<\/div>\n\t\t\t\t\t<\/div>\n\t\t<\/section>\n\t\t\t\t<section class=\"elementor-section elementor-top-section elementor-element elementor-element-e62ff27 elementor-section-full_width elementor-section-height-default elementor-section-height-default\" data-id=\"e62ff27\" data-element_type=\"section\" data-e-type=\"section\">\n\t\t\t\t\t\t<div class=\"elementor-container elementor-column-gap-default\">\n\t\t\t\t\t<div class=\"elementor-column elementor-col-100 elementor-top-column elementor-element elementor-element-c8646d5\" data-id=\"c8646d5\" data-element_type=\"column\" data-e-type=\"column\">\n\t\t\t<div class=\"elementor-widget-wrap elementor-element-populated\">\n\t\t\t\t\t\t<div class=\"elementor-element elementor-element-2f4331d elementor-widget-divider--view-line elementor-widget elementor-widget-divider\" data-id=\"2f4331d\" data-element_type=\"widget\" data-e-type=\"widget\" data-widget_type=\"divider.default\">\n\t\t\t\t<div class=\"elementor-widget-container\">\n\t\t\t\t\t\t\t<div class=\"elementor-divider\">\n\t\t\t<span class=\"elementor-divider-separator\">\n\t\t\t\t\t\t<\/span>\n\t\t<\/div>\n\t\t\t\t\t\t<\/div>\n\t\t\t\t<\/div>\n\t\t\t\t\t<\/div>\n\t\t<\/div>\n\t\t\t\t\t<\/div>\n\t\t<\/section>\n\t\t\t\t<\/div>\n\t\t","protected":false},"excerpt":{"rendered":"<p>Servicios Asesoramiento y organizaci\u00f3n de equipos \u00bfEst\u00e1 usted organizando una reuni\u00f3n o conferencia con dos o m\u00e1s idiomas y requiere asesoramiento profesional? Estamos a su disposici\u00f3n para cualquier consulta o duda que pueda tener. Seg\u00fan el evento que est\u00e9 organizando nos puede contratar indivualmente o en equipo. Si requiere combinaciones ling\u00fc\u00edsticas que nosostras no cubramos, [&hellip;]<\/p>\n","protected":false},"author":1,"featured_media":0,"parent":0,"menu_order":0,"comment_status":"closed","ping_status":"closed","template":"elementor_theme","meta":{"footnotes":""},"class_list":["post-1062","page","type-page","status-publish","hentry"],"aioseo_notices":[],"_links":{"self":[{"href":"https:\/\/interpretandum.de\/es\/wp-json\/wp\/v2\/pages\/1062","targetHints":{"allow":["GET"]}}],"collection":[{"href":"https:\/\/interpretandum.de\/es\/wp-json\/wp\/v2\/pages"}],"about":[{"href":"https:\/\/interpretandum.de\/es\/wp-json\/wp\/v2\/types\/page"}],"author":[{"embeddable":true,"href":"https:\/\/interpretandum.de\/es\/wp-json\/wp\/v2\/users\/1"}],"replies":[{"embeddable":true,"href":"https:\/\/interpretandum.de\/es\/wp-json\/wp\/v2\/comments?post=1062"}],"version-history":[{"count":0,"href":"https:\/\/interpretandum.de\/es\/wp-json\/wp\/v2\/pages\/1062\/revisions"}],"wp:attachment":[{"href":"https:\/\/interpretandum.de\/es\/wp-json\/wp\/v2\/media?parent=1062"}],"curies":[{"name":"wp","href":"https:\/\/api.w.org\/{rel}","templated":true}]}}