{"id":1098,"date":"2023-07-27T10:07:36","date_gmt":"2023-07-27T10:07:36","guid":{"rendered":"http:\/\/interpretandum.de\/aviso-legal-contacto\/"},"modified":"2023-09-13T17:38:37","modified_gmt":"2023-09-13T17:38:37","slug":"aviso-legal-contacto","status":"publish","type":"page","link":"https:\/\/interpretandum.de\/es\/aviso-legal-contacto\/","title":{"rendered":"Aviso legal\/Contacto"},"content":{"rendered":"\t\t<div data-elementor-type=\"wp-page\" data-elementor-id=\"1098\" class=\"elementor elementor-1098 elementor-764\" data-elementor-post-type=\"page\">\n\t\t\t\t\t\t<section class=\"elementor-section elementor-top-section elementor-element elementor-element-37717764 elementor-section-height-min-height elementor-section-full_width elementor-section-height-default elementor-section-items-middle\" data-id=\"37717764\" data-element_type=\"section\" data-e-type=\"section\" data-settings=\"{&quot;background_background&quot;:&quot;classic&quot;}\">\n\t\t\t\t\t\t<div class=\"elementor-container elementor-column-gap-default\">\n\t\t\t\t\t<div class=\"elementor-column elementor-col-100 elementor-top-column elementor-element elementor-element-94c0b89\" data-id=\"94c0b89\" data-element_type=\"column\" data-e-type=\"column\">\n\t\t\t<div class=\"elementor-widget-wrap elementor-element-populated\">\n\t\t\t\t\t\t<div class=\"elementor-element elementor-element-4097ea30 elementor-widget elementor-widget-heading\" data-id=\"4097ea30\" data-element_type=\"widget\" data-e-type=\"widget\" data-widget_type=\"heading.default\">\n\t\t\t\t<div class=\"elementor-widget-container\">\n\t\t\t\t\t<h2 class=\"elementor-heading-title elementor-size-default\">Aviso legal\/Contacto<\/h2>\t\t\t\t<\/div>\n\t\t\t\t<\/div>\n\t\t\t\t\t<\/div>\n\t\t<\/div>\n\t\t\t\t\t<\/div>\n\t\t<\/section>\n\t\t\t\t<section class=\"elementor-section elementor-top-section elementor-element elementor-element-eeb1636 elementor-section-boxed elementor-section-height-default elementor-section-height-default\" data-id=\"eeb1636\" data-element_type=\"section\" data-e-type=\"section\">\n\t\t\t\t\t\t<div class=\"elementor-container elementor-column-gap-default\">\n\t\t\t\t\t<div class=\"elementor-column elementor-col-100 elementor-top-column elementor-element elementor-element-7f94411\" data-id=\"7f94411\" data-element_type=\"column\" data-e-type=\"column\" data-settings=\"{&quot;background_background&quot;:&quot;classic&quot;}\">\n\t\t\t<div class=\"elementor-widget-wrap elementor-element-populated\">\n\t\t\t\t\t\t<section class=\"elementor-section elementor-inner-section elementor-element elementor-element-3a590ae elementor-section-boxed elementor-section-height-default elementor-section-height-default\" data-id=\"3a590ae\" data-element_type=\"section\" data-e-type=\"section\">\n\t\t\t\t\t\t<div class=\"elementor-container elementor-column-gap-default\">\n\t\t\t\t\t<div class=\"elementor-column elementor-col-50 elementor-inner-column elementor-element elementor-element-7b0fc2d\" data-id=\"7b0fc2d\" data-element_type=\"column\" data-e-type=\"column\">\n\t\t\t<div class=\"elementor-widget-wrap elementor-element-populated\">\n\t\t\t\t\t\t<div class=\"elementor-element elementor-element-2d6a7dc elementor-widget elementor-widget-text-editor\" data-id=\"2d6a7dc\" data-element_type=\"widget\" data-e-type=\"widget\" data-widget_type=\"text-editor.default\">\n\t\t\t\t<div class=\"elementor-widget-container\">\n\t\t\t\t\t\t\t\t\t<p><strong>Sonia Delgado<\/strong><br \/>Int\u00e9rprete de conferencias<br \/>Falkstrasse 29<br \/>60487 Frankfurt\/Main<\/p>\n<p><strong>Contacto<\/strong>:<br \/>Tel\u00e9fono: +49 (0)172 879 14 74<br \/>Telefax:+49 (0)69 95 05 80 19<br \/>E-Mail: <a href=\"mailto:sonia.delgado@interpretandum.de\">sonia.delgado@interpretandum.de<\/a><\/p>\n<p>NIF: DE 208910976<\/p>\n\t\t\t\t\t\t\t\t<\/div>\n\t\t\t\t<\/div>\n\t\t\t\t\t<\/div>\n\t\t<\/div>\n\t\t\t\t<div class=\"elementor-column elementor-col-50 elementor-inner-column elementor-element elementor-element-bc61c71\" data-id=\"bc61c71\" data-element_type=\"column\" data-e-type=\"column\">\n\t\t\t<div class=\"elementor-widget-wrap elementor-element-populated\">\n\t\t\t\t\t\t<div class=\"elementor-element elementor-element-eec5629 elementor-widget elementor-widget-text-editor\" data-id=\"eec5629\" data-element_type=\"widget\" data-e-type=\"widget\" data-widget_type=\"text-editor.default\">\n\t\t\t\t<div class=\"elementor-widget-container\">\n\t\t\t\t\t\t\t\t\t<p><strong>Christina Moser<\/strong><br \/>Int\u00e9rprete de conferencias<br \/>Bauamtsgasse 12<br \/>69117 Heidelberg<\/p>\n<p><strong>Contacto<\/strong>:<br \/>Tel\u00e9fono:+49 (0)163 807 61 71<br \/>Telefax:+49 (0)6221 230 67<br \/>E-Mail: <a href=\"mailto:christina.moser@interpretandum.de\">christina.moser@interpretandum.de<\/a><\/p>\n<p>NIF: DE197518125<\/p>\n\t\t\t\t\t\t\t\t<\/div>\n\t\t\t\t<\/div>\n\t\t\t\t\t<\/div>\n\t\t<\/div>\n\t\t\t\t\t<\/div>\n\t\t<\/section>\n\t\t\t\t<div class=\"elementor-element elementor-element-d1ea9e9 elementor-widget elementor-widget-text-editor\" data-id=\"d1ea9e9\" data-element_type=\"widget\" data-e-type=\"widget\" data-widget_type=\"text-editor.default\">\n\t\t\t\t<div class=\"elementor-widget-container\">\n\t\t\t\t\t\t\t\t\t<p>Sonia Delgado y Christina Moser trabajan cada una por su cuenta como int\u00e9rpretes de conferencias aut\u00f3nomas y no est\u00e1n afiliadas profesionalmente entre s\u00ed.<\/p>\n<p>Fuentes:<\/p>\n<p>Fotos: <a href=\"https:\/\/www.instagram.com\/kajakrebaum\/\">@kajakrebaum<\/a><br \/>Dise\u00f1o web: <a href=\"http:\/\/www.pixel2point.com\/\">www.pixel2point.com<\/a><\/p>\n\t\t\t\t\t\t\t\t<\/div>\n\t\t\t\t<\/div>\n\t\t\t\t\t<\/div>\n\t\t<\/div>\n\t\t\t\t\t<\/div>\n\t\t<\/section>\n\t\t\t\t<section class=\"elementor-section elementor-top-section elementor-element elementor-element-b19135c elementor-section-boxed elementor-section-height-default elementor-section-height-default\" data-id=\"b19135c\" data-element_type=\"section\" data-e-type=\"section\">\n\t\t\t\t\t\t<div class=\"elementor-container elementor-column-gap-default\">\n\t\t\t\t\t<div class=\"elementor-column elementor-col-100 elementor-top-column elementor-element elementor-element-4035d25\" data-id=\"4035d25\" data-element_type=\"column\" data-e-type=\"column\">\n\t\t\t<div class=\"elementor-widget-wrap elementor-element-populated\">\n\t\t\t\t\t\t<div class=\"elementor-element elementor-element-d4631df elementor-widget-divider--view-line elementor-widget elementor-widget-divider\" data-id=\"d4631df\" data-element_type=\"widget\" data-e-type=\"widget\" data-widget_type=\"divider.default\">\n\t\t\t\t<div class=\"elementor-widget-container\">\n\t\t\t\t\t\t\t<div class=\"elementor-divider\">\n\t\t\t<span class=\"elementor-divider-separator\">\n\t\t\t\t\t\t<\/span>\n\t\t<\/div>\n\t\t\t\t\t\t<\/div>\n\t\t\t\t<\/div>\n\t\t\t\t<div class=\"elementor-element elementor-element-f75e159 elementor-widget elementor-widget-text-editor\" data-id=\"f75e159\" data-element_type=\"widget\" data-e-type=\"widget\" data-widget_type=\"text-editor.default\">\n\t\t\t\t<div class=\"elementor-widget-container\">\n\t\t\t\t\t\t\t\t\t<p><strong>Indicaciones jur\u00eddicas relativas a la responsabilidad<\/strong><\/p>\n<p><span style=\"text-decoration: underline;\">\/ Exenci\u00f3n de responsabilidad<\/span> <br \/>Interpretandum se esfuerza en asegurar la exactitud y actualidad de las informaciones presentadas en esta p\u00e1gina de Internet. Sin embargo, no es posible excluir por completo errores e imprecisiones. Por esta raz\u00f3n, Interpretandum no puede garantizar de ning\u00fan modo la actualidad, exactitud, totalidad o calidad de las informaciones presentadas.     <br \/>Interpretandum no responde por da\u00f1os materiales o inmateriales, causados de manera indirecta o directa por la utilizaci\u00f3n o no utilizaci\u00f3n de las informaciones presentadas, o la utilizaci\u00f3n de informaciones equivocadas e incompletas, siempre que no quede probada la existencia de intencionalidad o negligencia grave.   <\/p>\n<p><span style=\"text-decoration: underline;\">Responsabilidad de los enlaces<\/span> <br \/>Interpretandum no se responsabiliza de los &#8220;contenidos externos&#8221;, disponibles por ejemplo en forma de enlaces (&#8220;links&#8221;), los enlaces directos o indirectos con otros proveedores. Estos &#8220;contenidos externos&#8221; son indicados debidamente.       <\/p>\n<p><span style=\"text-decoration: underline;\">Copyright<\/span> <br \/>La versi\u00f3n legalmente vinculante del aviso legal es la alemana.       <\/p>\n<p>Fuentes: Descargo de responsabilidad de eRecht24, el portal de Derecho de Internet del abogado S\u00f6ren Siebert.<\/p>\n\t\t\t\t\t\t\t\t<\/div>\n\t\t\t\t<\/div>\n\t\t\t\t\t<\/div>\n\t\t<\/div>\n\t\t\t\t\t<\/div>\n\t\t<\/section>\n\t\t\t\t<\/div>\n\t\t","protected":false},"excerpt":{"rendered":"<p>Aviso legal\/Contacto Sonia DelgadoInt\u00e9rprete de conferenciasFalkstrasse 2960487 Frankfurt\/Main Contacto:Tel\u00e9fono: +49 (0)172 879 14 74Telefax:+49 (0)69 95 05 80 19E-Mail: sonia.delgado@interpretandum.de NIF: DE 208910976 Christina MoserInt\u00e9rprete de conferenciasBauamtsgasse 1269117 Heidelberg Contacto:Tel\u00e9fono:+49 (0)163 807 61 71Telefax:+49 (0)6221 230 67E-Mail: christina.moser@interpretandum.de NIF: DE197518125 Sonia Delgado y Christina Moser trabajan cada una por su cuenta como int\u00e9rpretes de conferencias [&hellip;]<\/p>\n","protected":false},"author":1,"featured_media":0,"parent":0,"menu_order":0,"comment_status":"closed","ping_status":"closed","template":"","meta":{"footnotes":""},"class_list":["post-1098","page","type-page","status-publish","hentry"],"aioseo_notices":[],"_links":{"self":[{"href":"https:\/\/interpretandum.de\/es\/wp-json\/wp\/v2\/pages\/1098","targetHints":{"allow":["GET"]}}],"collection":[{"href":"https:\/\/interpretandum.de\/es\/wp-json\/wp\/v2\/pages"}],"about":[{"href":"https:\/\/interpretandum.de\/es\/wp-json\/wp\/v2\/types\/page"}],"author":[{"embeddable":true,"href":"https:\/\/interpretandum.de\/es\/wp-json\/wp\/v2\/users\/1"}],"replies":[{"embeddable":true,"href":"https:\/\/interpretandum.de\/es\/wp-json\/wp\/v2\/comments?post=1098"}],"version-history":[{"count":0,"href":"https:\/\/interpretandum.de\/es\/wp-json\/wp\/v2\/pages\/1098\/revisions"}],"wp:attachment":[{"href":"https:\/\/interpretandum.de\/es\/wp-json\/wp\/v2\/media?parent=1098"}],"curies":[{"name":"wp","href":"https:\/\/api.w.org\/{rel}","templated":true}]}}